{"id":2180,"date":"2021-06-18T12:04:19","date_gmt":"2021-06-18T11:04:19","guid":{"rendered":"https:\/\/azula.eus\/politica-de-privacidad\/"},"modified":"2024-03-24T13:55:13","modified_gmt":"2024-03-24T12:55:13","slug":"pribatutasun-politika","status":"publish","type":"page","link":"https:\/\/azula.eus\/eu\/pribatutasun-politika\/","title":{"rendered":"Pribatutasun Politika"},"content":{"rendered":"\r\n<div class=\"row\"  id=\"row-1694572809\">\r\n\r\n\n\t<div id=\"col-1075531249\" class=\"col small-12 large-12\"  >\n\t\t\t\t<div class=\"col-inner\"  >\n\t\t\t\n\t\t\t\r\n\r\n\t<div id=\"text-2637722521\" class=\"text\">\n\t\t\r\n\r\n<h1>Pribatutasun-politika<\/h1>\r\n\t\t\n<style>\n#text-2637722521 {\n  font-size: 1.5rem;\n}\n<\/style>\n\t<\/div>\n\t\r\n<span><span><a href=\"https:\/\/azula.eus\/eu\/\">Be\u00f1at Azula<\/a><\/span><\/span>\r\n\r\n\t\t<\/div>\n\t\t\t\t\n<style>\n#col-1075531249 > .col-inner {\n  padding: 30px 0px 0px 0px;\n}\n<\/style>\n\t<\/div>\n\n\t\r\n\r\n<\/div>\r\n<div class=\"row\"  id=\"row-226491377\">\r\n\r\n\n\t<div id=\"col-1070637533\" class=\"col small-12 large-12\"  >\n\t\t\t\t<div class=\"col-inner text-left\"  >\n\t\t\t\n\t\t\t\r\n\r\n<p>Gure Entitatean, gure pribatutasun-protokoloak eta politikak Europako Datu Babesaren Erregelamenduaren (RGPD) 679\/2016 eta Datu Pertsonalak Babesteari eta Eskubide Digitalak bermatzeari buruzko abenduaren 5eko 3\/2018 Legea (RGPD) moldatu ditugu, gure tratatu diren datuen segurtasuna eta babesa inportatzen gaituen horretarako.<\/p>\r\n<h2>1.- Zein da datuen tratamenduaren ardura<\/h2>\r\n<p>Be\u00f1at Azula Aranaz, Bilbon, Basurtu-Zorrotza, 48013ko P\u00e9rez Gald\u00f3s Kalea, Bizkaia-n dagoen egoitzak zure datuen tratamendu egokia du. Tratamendu hori burutzeko galdetu nahi baduzu, bidali e-posta hauetara: <a href=\"mailto:info@azula.eus\">info@azula.eus<\/a>.<\/p>\r\n<p><h2>2.- Zergatik erabiltzen ditugu zure datuak<\/h2>\r\n<p>Azula.eus-ek interesdunek emandako informazioa tratatzen du helburu:<\/p>\r\n<ul>\r\n<li>Eskatutako zerbitzu eta zerbitzuak betetzea<\/li>\r\n<li>Produktu, zerbitzu eta baita jasotzen eta tratatzen ditugun curriculum vitaeekin erlazionaturiko eskaerak kudeatzea eta tratatzea<\/li>\r\n<li>Gure Newsletter-erako harpidetza kudeatzea<\/li>\r\n<\/ul>\r\n<h2>3.- Datuen tratamenduaren oinarria zein da<\/h2>\r\n<p>Zeuk eman dizkiguzun datuak erabiltzea zurekin duten harremanak ongi kudeatzeko eta, gainera, legezko betebeharrekin bat egiteko beharrezkoa da.<\/p>\r\n<p>Zure datuen erabilera aurka adierazteko aukera daukazu une batean, eta, beraz, haien kudeaketa edozein motako eragiketa galarik izan gabe eteten da, eta haien datuak soilik blokeatuta geratuko dira legeak agindutako denbora-lerroan. Jakinarazten dizugu ez-zehaztasunak zerbitzuak emateko ezinezkoa izan daitekeela.<\/p>\r\n<h2>4.- Datuen komunikazioa<\/h2>\r\n<p>Inpunitziaz, ez dira datuak zuzenean ezarriko, legezko betebeharraren salbuespen batean.<\/p>\r\n<p>Hala ere, zerbitzu hornitzaileekin, laguntza edo laguntza emateko, edo kanpoko lankideekin, akordioan heldu garenean, datuak partekatuko ditugu.<\/p>\r\n<h2>5.- Datuen gordeak<\/h2>\r\n<p>Zure datu pertsonalak beharrezkoa den denbora-luzeran gordeko ditugu helburuari erantzuten diola, kontratuarekin daukagun bitartean, legezko baldintza batek berak eskatzen duen bitartean edo zu ez duzulako zure datuak tratatzen utziko diren eskubideak baliatu arte.<\/p>\r\n<h2>6.- Nola ahal ditut nire eskubideak bete<\/h2>\r\n<p>Eskubideen titularrak, zure datuen kontrola daukazu eta, beraz, une batean ere zure eskubideak ahal bezain laster bete ahal izango dituzu, e-posta bat bidaliz:<\/p> <a href=\"mailto:info@azula.eus\">info@azula.eus<\/a><\/p>\r\n<p>Eskubideak betetzeko eskubideak dira:<\/p>\r\n<ul>\r\n<li>Sarbidea \u2013 Zure datu pertsonalak, Entitate honek tratatzen dituen datuak kontsultatu ahal izango dituzu<\/li>\r\n<li>Aldatzea \u2013 Zure datu pertsonalak aldatu ahal izango dituzu hauek baliogabeak badira<\/li>\r\n<li>Ezabatzea \u2013 Zure datu pertsonalak ezabatzeko eskaera egin ahal izango duzu<\/li>\r\n<li>Aurkako bilketa \u2013 Zure datu pertsonalak ez tratatzeko eskaera egin ahal izango duzu<\/li>\r\n<li>Tratamenduaren Mugatzea \u2013 Zure datu pertsonalen tratamenduari mugak jarri ahal izango dizkizu zehaztutako baldintzetan<\/li>\r\n<li>Portablea \u2013 Entitate honetan eman dizkizun edo kontratuaren zehapenak iritsi ahal izango dituzu zure datu pertsonalak eta beste Entitate batera bidali ahal izango dituzu<\/li>\r\n<\/ul>\r\n<p>Erabiltzaileei jakinarazten zaie une batean baimena baztertu dezaketeela, eta horrek ez du eragiten baimena kendu aurretik tratamendua gainditu duen baimenari.<\/p>\r\n<p>Halaber, interesdunek Jakinarazpena Datuen Babesaren arloko Kontrolerako Agintaritzari aurkeztera egin dezakete, bere eskubideak errespetatu gabe geratu badira.<\/p>\r\n<p>Eskubideak betetzeko, bidali zure DNI edo identitatea egiaztatzeko dokumentu baliokidea kopia.<\/p>\r\n\r\n\t\t<\/div>\n\t\t\t\t\t<\/div>\n\n\t\r\n\r\n<\/div>\r\n\r\n\r\n","protected":false},"excerpt":{"rendered":"","protected":false},"author":1,"featured_media":0,"parent":0,"menu_order":0,"comment_status":"closed","ping_status":"closed","template":"page-blank.php","meta":{"footnotes":""},"class_list":["post-2180","page","type-page","status-publish","hentry"],"_links":{"self":[{"href":"https:\/\/azula.eus\/eu\/wp-json\/wp\/v2\/pages\/2180","targetHints":{"allow":["GET"]}}],"collection":[{"href":"https:\/\/azula.eus\/eu\/wp-json\/wp\/v2\/pages"}],"about":[{"href":"https:\/\/azula.eus\/eu\/wp-json\/wp\/v2\/types\/page"}],"author":[{"embeddable":true,"href":"https:\/\/azula.eus\/eu\/wp-json\/wp\/v2\/users\/1"}],"replies":[{"embeddable":true,"href":"https:\/\/azula.eus\/eu\/wp-json\/wp\/v2\/comments?post=2180"}],"version-history":[{"count":0,"href":"https:\/\/azula.eus\/eu\/wp-json\/wp\/v2\/pages\/2180\/revisions"}],"wp:attachment":[{"href":"https:\/\/azula.eus\/eu\/wp-json\/wp\/v2\/media?parent=2180"}],"curies":[{"name":"wp","href":"https:\/\/api.w.org\/{rel}","templated":true}]}}